{"id":12,"date":"2020-04-05T17:33:23","date_gmt":"2020-04-05T17:33:23","guid":{"rendered":"http:\/\/trauerzeit.eu\/?page_id=12"},"modified":"2023-08-17T15:06:31","modified_gmt":"2023-08-17T15:06:31","slug":"links","status":"publish","type":"page","link":"https:\/\/trauerzeit.eu\/?page_id=12","title":{"rendered":"Links"},"content":{"rendered":"\n<p><strong>Internet-Adressen und Telefonnummern f\u00fcr Trauernde in Deutschland<\/strong><\/p>\n\n\n\n<p>Bundesweite Vernetzungen und Einrichtungen<\/p>\n\n\n\n<p><strong>F\u00fcr trauernde Partnerinnen und Partner<\/strong><\/p>\n\n\n\n<p><a href=\"http:\/\/www.nicolaidis-youngwings.de\">www.nicolaidis-youngwings.de<\/a><\/p>\n\n\n\n<p>Gemeinn\u00fctzige Stiftung f\u00fcr Erwachsene bis 49 Jahre, die in jungen Jahren ihren Partner verloren haben. Pers\u00f6nliche Trauerbegleitung, Trauergruppen und Freizeitangebote<\/p>\n\n\n\n<p><a href=\"http:\/\/www.verwitwet.de\" target=\"_blank\" rel=\"noreferrer noopener\">www.verwitwet.de<\/a><\/p>\n\n\n\n<p>Verein verwitwet.de e.V. und Internetgemeinschaft (Community) f\u00fcr alle, die in jungen Jahren ihren Lebenspartner verloren haben (Chat und Poren) Verzeichnis von Selbsthilfegruppen (in Regionen und an Orten)<\/p>\n\n\n\n<p><strong>F\u00fcr Eltern und trauernde Geschwister<\/strong><\/p>\n\n\n\n<p>Bundesverband Verwaiste Eltern und trauernde Geschwister in Deutschland e.V. <a rel=\"noreferrer noopener\" href=\"http:\/\/www.veid.de\/\" target=\"_blank\">www.veid.de<\/a><\/p>\n\n\n\n<p>Emailadresse f\u00fcr Anfragen: <a href=\"mailto:kontakt@veid.de\" target=\"_blank\" rel=\"noreferrer noopener\">kontakt@veid.de<\/a><\/p>\n\n\n\n<p>Ansprechpartner in den einzelnen Bundesl\u00e4ndern unter: \u00bbAnsprechpartner in Ihrer N\u00e4he\u00ab. <a href=\"http:\/\/www.veid.de\/hilfe-fuer-betroffene\/landesverbaenderegionalstellen.html\">www.veid.de\/hilfe-fuer-betroffene\/landesverbaenderegionalstellen.html<\/a><\/p>\n\n\n\n<p><a href=\"http:\/\/www.leben-ohne-dich.de\" target=\"_blank\" rel=\"noreferrer noopener\">www.leben-ohne-dich.de<\/a><\/p>\n\n\n\n<p>Website des Vereins \u00bbLeben ohne Dich\u00ab e.V. (davon getrennt Foren und Gedenkseiten als private Homepage)<\/p>\n\n\n\n<p><strong>F\u00fcr Eltern, die ihr Kind vor, w\u00e4hrend oder wenige Zeit nach der Geburt verloren haben<\/strong><\/p>\n\n\n\n<p><a rel=\"noreferrer noopener\" href=\"http:\/\/www.geps.de\" target=\"_blank\">www.geps.de<\/a> Gemeinsame Elterninitiative Pl\u00f6tzlicher S\u00e4uglingstod (GEPS) Deutschland e.V.<\/p>\n\n\n\n<p><a href=\"http:\/\/www.land-der-sternenkinder.de\">www.land-de<\/a><a rel=\"noreferrer noopener\" href=\"http:\/\/www.land-der-sternenkinder.de\" target=\"_blank\">r<\/a><a href=\"http:\/\/www.land-der-sternenkinder.de\">-sternenkinder.de<\/a> Private Webseite als Ort des Gedenkens und Erinnerns an alle \u00bbSternenkinder\u00ab<\/p>\n\n\n\n<p><a href=\"http:\/\/www.schmetterlingskinder.de\">www.schmett<\/a><a rel=\"noreferrer noopener\" href=\"http:\/\/www.schmetterlingskinder.de\" target=\"_blank\">e<\/a><a href=\"http:\/\/www.schmetterlingskinder.de\">rlingskinder.de<\/a> Private Website einer Mutter f\u00fcr Eltern, die ihr Kind vor, w\u00e4hrend oder nach der Geburt verloren haben<\/p>\n\n\n\n<p><strong>F\u00fcr trauernde Kinder<\/strong><\/p>\n\n\n\n<p><a rel=\"noreferrer noopener\" href=\"http:\/\/www.trauernde-kinder-kiel.de\" target=\"_blank\">www.trauernde-kinder-kiel.de<\/a>  Trauernde Kinder Schleswig-HoIstein e.V. (Kiel)<\/p>\n\n\n\n<p><a rel=\"noreferrer noopener\" href=\"http:\/\/www.trauerland.org\" target=\"_blank\">www.trauerland.org<\/a> Trauerland &#8211; Zentrum f\u00fcr trauernde Kinder und Jugendliche e.V. (Bremen)<\/p>\n\n\n\n<p><a rel=\"noreferrer noopener\" href=\"http:\/\/www.trauerzeit-berlin.de\" target=\"_blank\">www.trauerzeit-berlin.de<\/a> Zentrum f\u00fcr trauernde Kinder und Familien Berlin Brandenburg e.V.<\/p>\n\n\n\n<p><a rel=\"noreferrer noopener\" href=\"http:\/\/www.kinder-in-trauer.org\" target=\"_blank\">www.kinder-in-trauer.org<\/a> Hamburger Zentrum f\u00fcr Kinder und Jugendliche in Trauer<\/p>\n\n\n\n<p><a rel=\"noreferrer noopener\" href=\"http:\/\/www.lacrima-muenchen.de\" target=\"_blank\">www.lacrima-muenchen.de<\/a> Lacrima &#8211; Zentrum f\u00fcr trauernde Kinder und Jugendliche in M\u00fcnchen, Pfaffenhofen und Rosenheim<\/p>\n\n\n\n<p>Organisation der Johanniter-Unfall-Hilfe<\/p>\n\n\n\n<p><a rel=\"noreferrer noopener\" href=\"http:\/\/www.lichtblick-tak.de\" target=\"_blank\">www.lichtblick-tak.de<\/a> Verein Lichtblick-TAK e.V. f\u00fcr Trauernde Kinder, Jugendliche und deren Familien (Heilbronn)<\/p>\n\n\n\n<p><a href=\"http:\/\/www.nicolaidis-youngwings.de\">www.nicolaidis-youngwings.de<\/a> Gemeinn\u00fctzige Stiftung f\u00fcr trauernde Kinder, Jugendliche und junge Erwachsene bis 27 Jahren, die einen oder beide Elternteile verloren haben. Pers\u00f6nliche Trauerbegleitung, Trauergruppen und Freizeitangebote<\/p>\n\n\n\n<p><strong>F\u00fcr trauernde Jugendliche und junge Erwachsene<\/strong><\/p>\n\n\n\n<p><a rel=\"noreferrer noopener\" href=\"http:\/\/www.allesistanders.de\" target=\"_blank\">www.allesistanders.de<\/a> Alles ist anders: Website mit Forum, betreutem Live-Chat und Remember-Seite Hospizgruppe Freiburg i. B. in Tr\u00e4gerschaft unter Diakonie und Caritas<\/p>\n\n\n\n<p><a rel=\"noreferrer noopener\" href=\"http:\/\/www.youngwings.de\" target=\"_blank\">www.youngwings.de<\/a> Onlineberatung mit Forum, Einzelberatung und Chat Projekt der Nicolaidis-Stiftung<\/p>\n\n\n\n<p><a href=\"http:\/\/www.nicolaidis-youngwings.de\">www.nicolaidis-youngwings.de<\/a> Gemeinn\u00fctzige Stiftung f\u00fcr trauernde Kinder, Jugendliche und junge Erwachsene bis 27 Jahren, die einen oder beide Elternteile verloren haben. Pers\u00f6nliche Trauerbegleitung, Trauergruppen und Freizeitangebote<\/p>\n\n\n\n<p><a rel=\"noreferrer noopener\" href=\"http:\/\/www.doch-etwas-bleibt.de\" target=\"_blank\">www.doch-etwas-bleibt.de<\/a> Chatroom f\u00fcr trauernde Jugendliche von betroffenen jungen Menschen selbst gestaltet Angebot des Hospizes Bedburg-Bergheim e.V.<\/p>\n\n\n\n<p><a rel=\"noreferrer noopener\" href=\"http:\/\/www.da-sein.de\" target=\"_blank\">www.da-sein.de<\/a> Online-Begleitung f\u00fcr trauernde Jugendliche &#8211; Ambulanter Hospizdienst und Kinderhospizdienst Oldenburg i. 0.<\/p>\n\n\n\n<p><strong>F\u00fcr trauernde Geschwister<\/strong><\/p>\n\n\n\n<p>Online-Pr\u00e4ventionsprogramm begleitet von der Medical School Berlin unter Leitung von Prof. B. Wagner und dem Bundesverband Verwaiste Eltern und trauernde Geschwister in Deutschland e.V.<\/p>\n\n\n\n<p><a href=\"http:\/\/www.trauernde-geschwister.de\" target=\"_blank\" rel=\"noreferrer noopener\">www.trauernde-geschwister.de<\/a><\/p>\n\n\n\n<p><strong>Bei Verlust durch Suizid<\/strong><\/p>\n\n\n\n<p><a rel=\"noreferrer noopener\" href=\"http:\/\/www.agus-selbsthilfe.de\" target=\"_blank\">www.agus-selbsthilfe.de<\/a> Homepage f\u00fcr Suizidtrauende bundesweit mit Landkarte und Verzeichnis der Selbsthilfegruppen mit Links zu den AGUS-Gruppen in Deutschland Verein AGUS e.V. (Angeh\u00f6rige um Suizid). Bundeszentrale in Bayreuth<\/p>\n\n\n\n<p><strong>F\u00fcr Trauernde insgesamt:<\/strong><\/p>\n\n\n\n<p><a rel=\"noreferrer noopener\" href=\"http:\/\/www.ita-ev.de\" target=\"_blank\">www.ita-ev.de<\/a> Institut f\u00fcr Trauerarbeit (ITA) e.V., Hamburg &#8211; Gruppen und Seminare, auch Ausbildung zur Trauerbegleitung<\/p>\n\n\n\n<p><a rel=\"noreferrer noopener\" href=\"http:\/\/www.tabea-ev.de\" target=\"_blank\">www.tabea-ev.de<\/a> Verein Tabea e.V. Berlin. Trauerbegleitung und Fortbildung im Raum Berlin, bundesweite Telefonberatung f\u00fcr Trauernde<\/p>\n\n\n\n<p><a rel=\"noreferrer noopener\" href=\"http:\/\/www.trauerundleben.de\" target=\"_blank\">www.trauerundleben.de<\/a> Trauerbegleitung Ev. Kirchenkreis Berlin Tempelhof-Sch\u00f6neberg mit Angeboten f\u00fcr Trauernde in ganz Berlin<\/p>\n\n\n\n<p><a rel=\"noreferrer noopener\" href=\"http:\/\/www.trauernetz.de\" target=\"_blank\">www.trauernetz.de<\/a> Angebot der evangelischen Kirche mit Foren und Chat u.a. mit Verzeichnis kirchlicher Trauergruppen Anbieter: Evangelischen Kirche im Rheinland<\/p>\n\n\n\n<p><a rel=\"noreferrer noopener\" href=\"http:\/\/www.trauer.org\" target=\"_blank\">www.trauer.org<\/a> Herberge der Trauer (privater Anbieter) &#8211; Trauerportal mit Foren, Chat und online-Seminaren<\/p>\n\n\n\n<p><a rel=\"noreferrer noopener\" href=\"http:\/\/www.dhpv.de\" target=\"_blank\">www.dhpv.de<\/a> Deutscher Hospiz- und Palliativverband &#8211; Dachverband von \u00fcber 1000 Hospizeinrichtungen, in denen zunehmend auch Trauerbegleitung angeboten wird.<\/p>\n\n\n\n<p><a rel=\"noreferrer noopener\" href=\"http:\/\/www.bestatter.de\/trauerfall\" target=\"_blank\">www.bestatter.de\/trauerfall<\/a> Bundesverband Deutscher Bestatter<\/p>\n\n\n\n<p><a rel=\"noreferrer noopener\" href=\"http:\/\/www.gute-trauer.de\" target=\"_blank\">www.gute-trauer.de<\/a> Von der Verbraucherinitiative \u201eaeternitas\u201c gef\u00f6rderte Website<\/p>\n\n\n\n<p><a rel=\"noreferrer noopener\" href=\"http:\/\/www.projekt-trauerleben.de\" target=\"_blank\">www.projekt-trauerleben.de<\/a> Webseite mit Ergebnissen empirischer Trauerforschung der Hochschule Ravensburg-Weingarten zu Wirkungen der Trauerbegleitung<\/p>\n\n\n\n<p><strong>Weitere Internet- Adressen und Telefonnummern:<\/strong><\/p>\n\n\n\n<p><a rel=\"noreferrer noopener\" href=\"http:\/\/www.telefonseelsorge.de\" target=\"_blank\">www.telefonseelsorge.de<\/a> (mit Chat und Webmail) Telefonseelsorge in kirchlicher Tr\u00e4gerschaft Anrufe Tag und Nacht kostenfrei:<\/p>\n\n\n\n<p>0800 &#8211; 111 0 111 in (evangelisch)<\/p>\n\n\n\n<p>0800 &#8211; 111 0 222 (r\u00f6misch-katholisch.)<\/p>\n\n\n\n<p>0800 &#8211; 111 0 333 (f\u00fcr Kinder\/Jugendliche)<\/p>\n\n\n\n<p><a href=\"http:\/\/www.mutes.de\">www.mu<\/a><a rel=\"noreferrer noopener\" href=\"http:\/\/www.mutes.de\" target=\"_blank\">t<\/a><a href=\"http:\/\/www.mutes.de\">es.de<\/a> Muslimisches Seelsorgetelefon &#8211; Tr\u00e4ger: islamic Relief Deutschland Humanit\u00e4re Hilfsorganisation e.V. Email unter <a rel=\"noreferrer noopener\" href=\"mailto:info@mutes.de\" target=\"_blank\">info@mutes.de<\/a><\/p>\n\n\n\n<p><a rel=\"noreferrer noopener\" href=\"http:\/\/www.patiententelefon.de\/trauer-und-bestattung\" target=\"_blank\">www.patiententelefon.de\/trauer-und-bestattung<\/a> Aktuelle Informationen zu den Themen Sterben und Trauer (Initiative der Theodor Springmann Stiftung Berlin)<\/p>\n\n\n\n<p><strong>Lokale und regionale Netzwerke zur Trauerbegleitung<\/strong><\/p>\n\n\n\n<p><strong>Aachen<\/strong><\/p>\n\n\n\n<p>Di\u00f6zesane Kontaktstelle f\u00fcr Trauerpastoral und Trauerbegleitung im Bistum Aachen &#8211; Trauerbegleitung und Vermittlung im Raum Aachen<\/p>\n\n\n\n<p><a href=\"http:\/\/www.trauerbegleitung-im-bistum-aachen.de\" target=\"_blank\" rel=\"noreferrer noopener\">www.trauerbegleitung-im-bistum-aachen.de<\/a><\/p>\n\n\n\n<p><strong>Augsburg<\/strong><\/p>\n\n\n\n<p>Kontaktstelle Trauerbegleitung des Bistums Augsburg <a rel=\"noreferrer noopener\" href=\"https:\/\/kontaktstelie-trauerbegleitung.de\/fuer-trauernde\/\" target=\"_blank\">https:\/\/kontaktstelie-trauerbegleitung.de\/fuer-trauernde\/<\/a><\/p>\n\n\n\n<p><strong>Berlin<\/strong><\/p>\n\n\n\n<p>TABEA e.V. Berlin &#8211; Beratungsstelle, Trauerbegleitung und Vermittlung <a rel=\"noreferrer noopener\" href=\"http:\/\/www.tabea-ev.de\" target=\"_blank\">www.tabea-ev.de<\/a><\/p>\n\n\n\n<p>Trauerbegleitung &nbsp;Ev. Kirchenkreis Tempelhof-Sch\u00f6neberg (Berlin) <a rel=\"noreferrer noopener\" href=\"http:\/\/www.trauerundleben.de\" target=\"_blank\">www.trauerundleben.de<\/a><\/p>\n\n\n\n<p><strong>Dresden<\/strong><\/p>\n\n\n\n<p>Zentrum f\u00fcr Trauerbegleitung und Lebenshilfe e.V. <a rel=\"noreferrer noopener\" href=\"http:\/\/www.ztl-trauerbegleitung.de\" target=\"_blank\">www.ztl-trauerbegleitung.de<\/a><\/p>\n\n\n\n<p><strong>Essen<\/strong><\/p>\n\n\n\n<p>Trauernetzwerk Essen &#8211; Zusammenschluss von Angeboten zur Trauerhilfe <a rel=\"noreferrer noopener\" href=\"http:\/\/www.trauernetzwerk-essen.de\" target=\"_blank\">www.trauernetzwerk-essen.de<\/a><\/p>\n\n\n\n<p><strong>Euskirchen<\/strong><\/p>\n\n\n\n<p>Netzwerk im Kreis Euskirchen f\u00fcr Sterbe- und Trauerbegleitung e.V. (NEST) <a rel=\"noreferrer noopener\" href=\"http:\/\/www.nest-euskirchen.de\" target=\"_blank\">www.nest-euskirchen.de<\/a><\/p>\n\n\n\n<p><strong>Frankfurt a.M.<\/strong><\/p>\n\n\n\n<p>Trauerzentrum Frankfurt <a rel=\"noreferrer noopener\" href=\"http:\/\/www.trauerzentrum-frankfurt.de\" target=\"_blank\">www.trauerzentrum-frankfurt.de<\/a><\/p>\n\n\n\n<p><strong>Hamburg<\/strong><\/p>\n\n\n\n<p>Trauerbegleitung und Vermittlung im Raum Hamburg <a rel=\"noreferrer noopener\" href=\"http:\/\/www.ita-ev.de\" target=\"_blank\">www.ita-ev.de<\/a><\/p>\n\n\n\n<p>Trauerbegleitung Hamburg Leuchtfeuer Lotsenhaus <a rel=\"noreferrer noopener\" href=\"http:\/\/www.hamburg-Ieuchtfeuer.de\/lotsenhaus\/trauerbegleitung\" target=\"_blank\">www.hamburg-Ieuchtfeuer.de\/lotsenhaus\/trauerbegleitung<\/a><\/p>\n\n\n\n<p><strong>Heidelberg \/ Rhein-Neckar-Kreis<\/strong><\/p>\n\n\n\n<p>Trauerangebote in diesem Bereich c\/o Hospiz- und Palliativverband Baden-W\u00fcrttemberg e.V <a href=\"http:\/\/www.hpvbw.de\/adressen\/trauer\/regional\/hd\">www.hpvbw.de\/adressen\/trauer\/regional\/hd<\/a><\/p>\n\n\n\n<p><strong>Karlsruhe<\/strong><\/p>\n\n\n\n<p>Arbeitskreis Trauer Karlsruhe <a rel=\"noreferrer noopener\" href=\"http:\/\/www.friedhof-karlsruhe.de\/aktuell.html\" target=\"_blank\">www.friedhof-karlsruhe.de\/aktuell.html<\/a><\/p>\n\n\n\n<p><strong>Kiel<\/strong><\/p>\n\n\n\n<p>Kieler Arbeitskreis Trauerbegleitung c\/o Hospizinitiative Kiel e.V.  <a rel=\"noreferrer noopener\" href=\"http:\/\/www.trauerlandschaft-kiel.de\" target=\"_blank\">www.trauerlandschaft-kiel.de<\/a><\/p>\n\n\n\n<p><a href=\"http:\/\/www.interrel-kiel.de\/trauer\" target=\"_blank\" rel=\"noreferrer noopener\">www.interrel-kiel.de\/trauer<\/a><\/p>\n\n\n\n<p><strong>Krefeld<\/strong><\/p>\n\n\n\n<p>Netzwerk Trauer in Krefeld und Umgebung <a rel=\"noreferrer noopener\" href=\"http:\/\/www.netzwerk-trauer-krefeld.de\" target=\"_blank\">www.netzwerk-trauer-krefeld.de<\/a><\/p>\n\n\n\n<p><strong>L\u00fcbeck<\/strong><\/p>\n\n\n\n<p>Trauerbegleitung und Vermittlung im Raum L\u00fcbeck <a rel=\"noreferrer noopener\" href=\"http:\/\/www.st-lorenz-luebeck.de\" target=\"_blank\">www.st-lorenz-luebeck.de<\/a> (dort unter \u00bbTrauer und Trost\u00ab)<\/p>\n\n\n\n<p><strong>Mainz<\/strong><\/p>\n\n\n\n<p>Trauerwege e.V. Mainz &#8211; Beratung und Begleitung in Verlustsituationen, Trauergruppen <a rel=\"noreferrer noopener\" href=\"http:\/\/www.trauerwege-mainz.de\" target=\"_blank\">www.trauerwege-mainz.de<\/a><\/p>\n\n\n\n<p><strong>Meschede<\/strong>&nbsp;&nbsp;&nbsp;&nbsp;&nbsp;&nbsp;&nbsp;&nbsp;&nbsp;<\/p>\n\n\n\n<p>Trauerbegleitung und Vermittlung &#8211; c\/o Trauerwelten e.V. Verein zur Begleitung trauernder Menschen <a rel=\"noreferrer noopener\" href=\"http:\/\/www.trauerwelten.de\" target=\"_blank\">www.trauerwelten.de<\/a><\/p>\n\n\n\n<p><strong>M\u00fcnchen<\/strong><\/p>\n\n\n\n<p>M\u00fcnchner Institut f\u00fcr Trauerp\u00e4dagogik (MIT) &#8211; Angebote f\u00fcr Trauernde und f\u00fcr Weiterbildung in Trauerbegleitung <a rel=\"noreferrer noopener\" href=\"http:\/\/www.mit-institut.de\/trauer-lebensbegleitung.php\" target=\"_blank\">www.mit-institut.de\/trauer-lebensbegleitung.php<\/a><\/p>\n\n\n\n<p><strong>M\u00fcnster<\/strong><\/p>\n\n\n\n<p>Trauernetzwerk M\u00fcnster e.V. &#8211; Sonnenstr. 80, 48143 M\u00fcnster<\/p>\n\n\n\n<p>Hospizbewegung M\u00fcnster e.V.<\/p>\n\n\n\n<p><strong>Nordhausen<\/strong><\/p>\n\n\n\n<p>Trauerbegleitung und Vermittlung im Raum Nordhausen c\/o Trauerwelten e.V. Verein zur Begleitung trauernder Menschen <a rel=\"noreferrer noopener\" href=\"http:\/\/www.trauerweiten.de\" target=\"_blank\">www.trauerweiten.de<\/a><\/p>\n\n\n\n<p><strong>N\u00fcrnberg<\/strong><\/p>\n\n\n\n<p>Trauerbegleitung und Vermittlung im Raum N\u00fcrnberg c\/o Offene Kirche St. Klara <a rel=\"noreferrer noopener\" href=\"http:\/\/www.st-klara-nuernberg.de\" target=\"_blank\">www.st-klara-nuernberg.de<\/a> (dort unter \u00bbTrauer\u00ab)<\/p>\n\n\n\n<p>Paderborn<\/p>\n\n\n\n<p>Trauerarbeit Paderborn e.V. <a rel=\"noreferrer noopener\" href=\"http:\/\/www.trauerarbeit-paderborn.de\" target=\"_blank\">www.trauerarbeit-paderborn.de<\/a><\/p>\n\n\n\n<p><strong>Rostock<\/strong><\/p>\n\n\n\n<p>TrauerNetz Rostock und Umland e.V. <a rel=\"noreferrer noopener\" href=\"http:\/\/www.trauernetz-rostock.de\" target=\"_blank\">www.trauernetz-rostock.de<\/a><\/p>\n\n\n\n<p><strong>Stuttgart<\/strong><\/p>\n\n\n\n<p>Trauerbegleitung Hospiz Stuttgart <a rel=\"noreferrer noopener\" href=\"http:\/\/www.hospiz-stuttgart.de\/trauer.html\" target=\"_blank\">www.hospiz-stuttgart.de\/trauer.html<\/a><\/p>\n\n\n\n<p>Weiterhin: Trauerangebote im Land- bzw. Stadtkreis Stuttgart c\/o Hospiz- und Palliativverband Baden-W\u00fcrttemberg e.V. <a rel=\"noreferrer noopener\" href=\"http:\/\/www.hpvbw.de\/adressen\/trauer\/regional\/s\" target=\"_blank\">www.hpvbw.de\/adressen\/trauer\/regional\/s<\/a><\/p>\n\n\n\n<p><strong>Landesweite Netzwerke:<\/strong><\/p>\n\n\n\n<p><strong>Th\u00fcringen<\/strong><\/p>\n\n\n\n<p>Trauernetzwerk Th\u00fcringen (z. Z: 62 Angebote an 33 Orten) c\/o Th\u00fcringer Hospiz- und Palliativverband <a href=\"http:\/\/www.hospiz-thueringen.de\/trauernetzwerk-netzwerkpartner.html\">www.hospiz-thueringen.de\/trauernetzwerk-netzwerkpartner.html<\/a><\/p>\n\n\n\n<p><a href=\"http:\/\/www.hospiz-thueringen.de\/netzwerkbroschuere.html\" target=\"_blank\" rel=\"noreferrer noopener\">www.hospiz-thueringen.de\/netzwerkbroschuere.html<\/a><\/p>\n\n\n\n<p><strong>S\u00fcdhessen<\/strong><\/p>\n\n\n\n<p>Netzwerk Trauer S\u00fcdhessen <a rel=\"noreferrer noopener\" href=\"http:\/\/www.netzwerk-trauer.de\" target=\"_blank\">www.netzwerk-trauer.de<\/a><\/p>\n\n\n\n<p><strong>Baden-W\u00fcrttemberg<\/strong><\/p>\n\n\n\n<p>Trauerangebote nach Land- bzw. Stadtkreisen alphabetisch geordnet c\/o Hospiz- und Palliativverband Baden-W\u00fcrttemberg e.V. &#8211; Angebote nach den Autokennzeichen der Land- \/ Stadtkreise geordnet: <a rel=\"noreferrer noopener\" href=\"http:\/\/hpvbw.de\/trauer\" target=\"_blank\">http:\/\/hpvbw.de\/trauer<\/a><\/p>\n\n\n\n<p>Informationen \u00fcber Trauerbegleitung und Trauergruppen sind oft erh\u00e4ltlich bei Hospizinitiativen, Kirchengemeinden und Bestattungsinstituten. <\/p>\n\n\n\n<p>Die in diesem Verzeichnis angegebenen Internetadressen und Telefonnummern wurden im M\u00e4rz 2019 auf die Erreichbarkeit hin \u00fcberpr\u00fcft.<\/p>\n\n\n\n<p>Der Stand aller dieser Angaben ist der 16.03.2019.<\/p>\n\n\n\n<p>Der Hinweis auf die Webadressen und Telefonnummern bedeutet nicht unbedingt, dass die Autoren mit den Zielen und Methoden der jeweiligen Anbieter \u00fcbereinstimmen.<\/p>\n\n\n\n<p><em>Quelle: <a href=\"https:\/\/www.klett-cotta.de\/buch\/Ratgeber_Lebenshilfe\/Trauern_mit_Leib_und_Seele\/16093?fbclid=IwAR2P7DBIkmWajsAOlKnZ5iNkwPt3kmad2xeBTof0RR40VtNjJABnfKLI-98\" target=\"_blank\" rel=\"noreferrer noopener\">&#8222;Trauern mit Leib und Seele&#8220; von Klaus Onnasch und Ursula Gast<\/a><\/em><\/p>\n","protected":false},"excerpt":{"rendered":"<p>Internet-Adressen und Telefonnummern f\u00fcr Trauernde in Deutschland Bundesweite Vernetzungen und Einrichtungen F\u00fcr trauernde Partnerinnen und Partner www.nicolaidis-youngwings.de Gemeinn\u00fctzige Stiftung f\u00fcr Erwachsene bis 49 Jahre, die in jungen Jahren ihren Partner verloren haben. Pers\u00f6nliche Trauerbegleitung, Trauergruppen und Freizeitangebote www.verwitwet.de Verein verwitwet.de e.V. und Internetgemeinschaft (Community) f\u00fcr alle, die in jungen Jahren ihren Lebenspartner verloren haben (Chat [&hellip;]<\/p>\n","protected":false},"author":1,"featured_media":94,"parent":0,"menu_order":6,"comment_status":"closed","ping_status":"closed","template":"","meta":{"footnotes":""},"class_list":["post-12","page","type-page","status-publish","has-post-thumbnail","hentry"],"_links":{"self":[{"href":"https:\/\/trauerzeit.eu\/index.php?rest_route=\/wp\/v2\/pages\/12","targetHints":{"allow":["GET"]}}],"collection":[{"href":"https:\/\/trauerzeit.eu\/index.php?rest_route=\/wp\/v2\/pages"}],"about":[{"href":"https:\/\/trauerzeit.eu\/index.php?rest_route=\/wp\/v2\/types\/page"}],"author":[{"embeddable":true,"href":"https:\/\/trauerzeit.eu\/index.php?rest_route=\/wp\/v2\/users\/1"}],"replies":[{"embeddable":true,"href":"https:\/\/trauerzeit.eu\/index.php?rest_route=%2Fwp%2Fv2%2Fcomments&post=12"}],"version-history":[{"count":32,"href":"https:\/\/trauerzeit.eu\/index.php?rest_route=\/wp\/v2\/pages\/12\/revisions"}],"predecessor-version":[{"id":219,"href":"https:\/\/trauerzeit.eu\/index.php?rest_route=\/wp\/v2\/pages\/12\/revisions\/219"}],"wp:featuredmedia":[{"embeddable":true,"href":"https:\/\/trauerzeit.eu\/index.php?rest_route=\/wp\/v2\/media\/94"}],"wp:attachment":[{"href":"https:\/\/trauerzeit.eu\/index.php?rest_route=%2Fwp%2Fv2%2Fmedia&parent=12"}],"curies":[{"name":"wp","href":"https:\/\/api.w.org\/{rel}","templated":true}]}}