{"id":2,"date":"2016-05-10T03:48:21","date_gmt":"2016-05-10T03:48:21","guid":{"rendered":"http:\/\/trauerzeit.eu\/?page_id=2"},"modified":"2023-08-29T19:55:30","modified_gmt":"2023-08-29T19:55:30","slug":"sample-page","status":"publish","type":"page","link":"https:\/\/trauerzeit.eu\/","title":{"rendered":"Home"},"content":{"rendered":"<p>Sch\u00f6n, dass Sie uns gefunden haben! Wir hoffen sehr, dass wir Ihnen mit unserer Seite ein paar Impulse geben k\u00f6nnen, Ihre Trauer besser zu verarbeiten. F\u00fcr Freunde, Bekannte, Nachbarn und Kolleg*innen von Trauernden m\u00f6chten wir eine kleine Unterst\u00fctzung liefern, die die Unsicherheit im Umgang mit Hinterbliebenden ein wenig mildern kann.<\/p>\n<p>Wenn wir geliebte Menschen zu Grabe tragen m\u00fcssen, ist das immer ein sehr tragischer Einschnitt im Leben der Hinterbliebenen. Manche Trauernde kapseln sich ab, andere suchen den Kontakt um Halt und Orientierung zu finden.<\/p>\n<p>Trauer ist sehr pers\u00f6nlich und jeder Mensch trauert auf seine Art und Weise.\u00a0 Zun\u00e4chst k\u00f6nnen die meisten Menschen den Verlust noch gar nicht richtig begreifen. Sie f\u00fchlen sich wie in Watte gepackt oder als ob sie das Geschehene tr\u00e4umen oder als ob sie einen Film sehen. Au\u00dfenstehende k\u00f6nnen h\u00e4ufig eine Ver\u00e4nderung im Wesen des Trauernden erkennen und f\u00fchlen sich mit dieser Situation oftmals \u00fcberfordert.<\/p>\n<p>Wir haben uns bei dieser Seite sehr stark an dem Buch <a href=\"https:\/\/www.klett-cotta.de\/produkt\/trauern-mit-leib-und-seele-9783608860535-t-3042\" target=\"_blank\" rel=\"noopener noreferrer\"><strong>&#8222;Trauern mit Leibe und Seele&#8220;<\/strong> <strong><em>von Klaus Onnasch und Ursula Gast<\/em><\/strong><\/a> (erschienen im Klett-Cotta Verlag 6. Auflage 2020) orientiert und viele Textpassagen entnommen. Diese Internetpr\u00e4senz hat nicht den Anspruch alle Theorien und Methoden der Trauerbew\u00e4ltigung darzustellen. Diese Seite ersetzt auch nicht eine pers\u00f6nliche Begleitung durch einen Trauerbegleiter*in oder eine Therapie. F\u00fcr tieferes Wissen empfehlen wir Ihnen das v. g. Buch und eine individuelle, pers\u00f6nliche Begleitung durch einen Trauerbegleiter*in, bzw. Kontaktaufnahme zu einer der vielen <a href=\"http:\/\/trauerzeit.eu\/?page_id=12\" target=\"_blank\" rel=\"noopener noreferrer\"><strong>Einrichtung f\u00fcr Trauernde<\/strong><\/a> (siehe &#8222;Links&#8220;).<\/p>\n\n\n<p><\/p>\n","protected":false},"excerpt":{"rendered":"<p>Sch\u00f6n, dass Sie uns gefunden haben! Wir hoffen sehr, dass wir Ihnen mit unserer Seite ein paar Impulse geben k\u00f6nnen, Ihre Trauer besser zu verarbeiten. F\u00fcr Freunde, Bekannte, Nachbarn und Kolleg*innen von Trauernden m\u00f6chten wir eine kleine Unterst\u00fctzung liefern, die die Unsicherheit im Umgang mit Hinterbliebenden ein wenig mildern kann. Wenn wir geliebte Menschen zu [&hellip;]<\/p>\n","protected":false},"author":1,"featured_media":153,"parent":0,"menu_order":0,"comment_status":"closed","ping_status":"open","template":"","meta":{"footnotes":""},"class_list":["post-2","page","type-page","status-publish","has-post-thumbnail","hentry"],"_links":{"self":[{"href":"https:\/\/trauerzeit.eu\/index.php?rest_route=\/wp\/v2\/pages\/2","targetHints":{"allow":["GET"]}}],"collection":[{"href":"https:\/\/trauerzeit.eu\/index.php?rest_route=\/wp\/v2\/pages"}],"about":[{"href":"https:\/\/trauerzeit.eu\/index.php?rest_route=\/wp\/v2\/types\/page"}],"author":[{"embeddable":true,"href":"https:\/\/trauerzeit.eu\/index.php?rest_route=\/wp\/v2\/users\/1"}],"replies":[{"embeddable":true,"href":"https:\/\/trauerzeit.eu\/index.php?rest_route=%2Fwp%2Fv2%2Fcomments&post=2"}],"version-history":[{"count":29,"href":"https:\/\/trauerzeit.eu\/index.php?rest_route=\/wp\/v2\/pages\/2\/revisions"}],"predecessor-version":[{"id":228,"href":"https:\/\/trauerzeit.eu\/index.php?rest_route=\/wp\/v2\/pages\/2\/revisions\/228"}],"wp:featuredmedia":[{"embeddable":true,"href":"https:\/\/trauerzeit.eu\/index.php?rest_route=\/wp\/v2\/media\/153"}],"wp:attachment":[{"href":"https:\/\/trauerzeit.eu\/index.php?rest_route=%2Fwp%2Fv2%2Fmedia&parent=2"}],"curies":[{"name":"wp","href":"https:\/\/api.w.org\/{rel}","templated":true}]}}