{"id":35,"date":"2020-04-06T12:31:14","date_gmt":"2020-04-06T12:31:14","guid":{"rendered":"http:\/\/trauerzeit.eu\/?page_id=35"},"modified":"2023-08-24T22:53:51","modified_gmt":"2023-08-24T22:53:51","slug":"schuldgefuehle","status":"publish","type":"page","link":"https:\/\/trauerzeit.eu\/?page_id=35","title":{"rendered":"Schuldgef\u00fchle"},"content":{"rendered":"\n<p>S<strong>chuldgef\u00fchle, schlechtes Gewissen und Schuldzuweisung<\/strong><\/p>\n\n\n\n<p>Ohne dass f\u00fcr Au\u00dfenstehende ein konkreter Grund erkennbar ist, geh\u00f6ren Schuldgef\u00fchle h\u00e4ufig zu den Reaktionen auf den Verlust. Oft f\u00e4llt es Au\u00dfenstehenden schwer, einen klaren Grund f\u00fcr solche Gef\u00fchle zu erkennen.<\/p>\n\n\n\n<p>Zum Beispiel sterben Menschen dann, wenn die Angeh\u00f6rigen das Krankenzimmer verlassen, um sich zu erholen. Sp\u00e4ter machen sie sich dann Vorw\u00fcrfe, dass sie nicht im Zimmer geblieben sind&#8230;.<\/p>\n\n\n\n<p>Oder Angeh\u00f6rige, die sich vorwerfen, die Situation nicht richtig eingesch\u00e4tzt zu haben: &#8222;Heute morgen hatte ich schon so ein komisches Gef\u00fchl. H\u00e4tte ich mal dies oder jenes gemacht, dann w\u00e4re das nicht passiert.&#8220;<\/p>\n\n\n\n<p>Rationale Argumente k\u00f6nnen kaum diese Schuldgef\u00fchle aufl\u00f6sen. Bew\u00e4hrt haben sich hingegen Methoden, die das Geschehene in Leib und Seele einbeziehen.<\/p>\n\n\n\n<p>Ganz anders verh\u00e4lt es sich, wenn eine erwiesene Schuld vorliegt, die der Trauernde begannen hat und ihm leid tut. Der Fahrer, der in Trunkenheit ein Unfall verursacht hat. Wie kann er damit umgehen? Religi\u00f6se und kulturelle Traditionen k\u00f6nnen wirksam werden, soweit sie f\u00fcr die Trauernden Bedeutung haben.<\/p>\n\n\n\n<p><strong>Selbstt\u00f6tung<\/strong>: F\u00fcr die Angeh\u00f6rigen oftmals ein Schock. Sie werfen sich vor, das Vorhaben vorher erkennen zu m\u00fcssen oder sich nicht angemessen verhalten zu haben. Bei den Hinterbliebenen entsteht oft ein Sog dem Toten zu folgen. Umso wichtiger, den Weg des anderen und dem eigenen Weg zu unterscheiden.<\/p>\n\n\n\n<p>Ein <strong>anderes Muster<\/strong> neben Flucht ist die Aggression. Sie kann sich gegen \u00c4rzte richten, zuweilen werden lange Prozesse gef\u00fchrt. Einige Trauernde klagen den Toten direkt an &#8222;Warum hast Du mich verlassen?&#8220; Manchmal auch das Schicksal oder Gott. Das Aussprechen solcher Klage wirkt erleichternd und befreit oft. Schwierig wird es, wenn die Trauernden ihre Aggression gegen sich selbst richten &#8222;H\u00e4tte ich besser aufgepasst, dann w\u00e4re er noch hier&#8230;&#8220;. Diese Selbstaggressionen k\u00f6nnen den Stress ins unertr\u00e4gliche steigern und den Trauerprozess erschweren. In solchem Stress sind Entlastungen und L\u00f6sungen notwendig. Professionelle Begleitung durch eine Trauerguppe, Trauerbegleiter*in oder Therapeuten helfen, dass diese Schuldgef\u00fchle aufgel\u00f6st werden.<\/p>\n\n\n\n<p>Quelle: <a href=\"https:\/\/www.klett-cotta.de\/produkt\/trauern-mit-leib-und-seele-9783608860535-t-3042\" target=\"_blank\" rel=\"noreferrer noopener\">&#8222;Trauern mit Leib und Seele&#8220; von Klaus Onnasch und Ursula Gast<\/a><\/p>\n","protected":false},"excerpt":{"rendered":"<p>Schuldgef\u00fchle, schlechtes Gewissen und Schuldzuweisung Ohne dass f\u00fcr Au\u00dfenstehende ein konkreter Grund erkennbar ist, geh\u00f6ren Schuldgef\u00fchle h\u00e4ufig zu den Reaktionen auf den Verlust. Oft f\u00e4llt es Au\u00dfenstehenden schwer, einen klaren Grund f\u00fcr solche Gef\u00fchle zu erkennen. Zum Beispiel sterben Menschen dann, wenn die Angeh\u00f6rigen das Krankenzimmer verlassen, um sich zu erholen. Sp\u00e4ter machen sie sich [&hellip;]<\/p>\n","protected":false},"author":1,"featured_media":158,"parent":0,"menu_order":2,"comment_status":"closed","ping_status":"closed","template":"","meta":{"footnotes":""},"class_list":["post-35","page","type-page","status-publish","has-post-thumbnail","hentry"],"_links":{"self":[{"href":"https:\/\/trauerzeit.eu\/index.php?rest_route=\/wp\/v2\/pages\/35","targetHints":{"allow":["GET"]}}],"collection":[{"href":"https:\/\/trauerzeit.eu\/index.php?rest_route=\/wp\/v2\/pages"}],"about":[{"href":"https:\/\/trauerzeit.eu\/index.php?rest_route=\/wp\/v2\/types\/page"}],"author":[{"embeddable":true,"href":"https:\/\/trauerzeit.eu\/index.php?rest_route=\/wp\/v2\/users\/1"}],"replies":[{"embeddable":true,"href":"https:\/\/trauerzeit.eu\/index.php?rest_route=%2Fwp%2Fv2%2Fcomments&post=35"}],"version-history":[{"count":9,"href":"https:\/\/trauerzeit.eu\/index.php?rest_route=\/wp\/v2\/pages\/35\/revisions"}],"predecessor-version":[{"id":227,"href":"https:\/\/trauerzeit.eu\/index.php?rest_route=\/wp\/v2\/pages\/35\/revisions\/227"}],"wp:featuredmedia":[{"embeddable":true,"href":"https:\/\/trauerzeit.eu\/index.php?rest_route=\/wp\/v2\/media\/158"}],"wp:attachment":[{"href":"https:\/\/trauerzeit.eu\/index.php?rest_route=%2Fwp%2Fv2%2Fmedia&parent=35"}],"curies":[{"name":"wp","href":"https:\/\/api.w.org\/{rel}","templated":true}]}}