{"id":39,"date":"2020-04-06T12:49:31","date_gmt":"2020-04-06T12:49:31","guid":{"rendered":"http:\/\/trauerzeit.eu\/?page_id=39"},"modified":"2023-08-29T19:56:59","modified_gmt":"2023-08-29T19:56:59","slug":"begleitung","status":"publish","type":"page","link":"https:\/\/trauerzeit.eu\/?page_id=39","title":{"rendered":"Begleitung"},"content":{"rendered":"\n<p><\/p>\n\n\n\n<p><strong>Begleitung in der Trauer durch Familie, Freunde, Bekannte, Nachbarn und Kolleg*innen<\/strong><\/p>\n\n\n\n<p>Bei der Begleitung von Trauernden gibt es oft Grenzen, dennoch kann sie der erste Schritt f\u00fcr Entlastung, Halt und Orientierung sein.<\/p>\n\n\n\n<p>Was kann ich als Bezugsperson grunds\u00e4tzlich tun:<\/p>\n\n\n\n<ul class=\"wp-block-list\">\n<li>Trauernde dort unterst\u00fctzen, wo sie \u00fcberfordert sind und sie nicht alleine lassen. W\u00e4rme und Mitgef\u00fchl vermitteln<\/li>\n\n\n\n<li>Allt\u00e4gliche Besorgungen \u00fcbernehmen<\/li>\n\n\n\n<li>Unterst\u00fctzung bei Regelungen, die im Zusammenhang mit dem Todesfall stehen<\/li>\n\n\n\n<li>Trauernde in ihrer Reaktion nicht bevormunden. Alle Gef\u00fchle der Hinterbliebenen zulassen. Manchmal erscheinen Trauernde auch empfindungslos oder haben Ausbr\u00fcche von Wut und Zorn<\/li>\n\n\n\n<li>Wenn es notwendig erscheint, die eigene Gef\u00fchle mitteilen<\/li>\n<\/ul>\n\n\n\n<p><strong>Prozess in der Familie<\/strong>*<\/p>\n\n\n\n<p>Angeh\u00f6rige k\u00f6nnen in der Trauer R\u00fcckhalt und Orientierung geben; dann erf\u00fcllen sich die Erwartungen, dass die Familie in der Zeit der Not zusammenh\u00e4lt und Zuflucht bietet. Sehr h\u00e4ufig aber werden solche Erwartung entt\u00e4uscht. Vielf\u00e4ltige Prozesse und Methoden wurden erarbeitet, die dazu beitragen, dass Mitglieder der Familie sich selbst in der Beziehung zu den anderen achtsamer wahrnehmen und den Trauerprozess bewusster gestalten k\u00f6nnen.<\/p>\n\n\n\n<p><strong>Begleitung durch Freunde und Freundinnen<\/strong>*<\/p>\n\n\n\n<p>Freunde kann es entlasten, wenn sie sp\u00fcren: Ich kann ruhig zugeben, dass ich auf viele Fragen keine Antwort wei\u00df und keine L\u00f6sung kenne. Ich kann einfach da sein, und das gen\u00fcgt. Ich muss gar nicht tr\u00f6sten in der Trauer.<\/p>\n\n\n\n<p>Bei gegenseitigen Einladungen zum Treffen, besteht die Chance, sich an die eigene Vergangenheit zu erinnern und neue Zukunftsperspektiven zu entwickeln und sich des gegenw\u00e4rtigen Lebens bewusster zu werden. Der Todestag des\/der Verstorbenen kann gemeinsam gestaltet werden. In der Freundschaft k\u00f6nnen mit der Zeit neben der Trauersituation auch andere Lebensfelder wieder st\u00e4rker in den Blick kommen.<\/p>\n\n\n\n<p><strong>Begleitung durch Kolleg*innen und Nachbarn<\/strong>*<\/p>\n\n\n\n<p>Tats\u00e4chlich f\u00fchlen sich viele Personen \u00fcberfordert, auf Trauernde zuzugehen. Sie f\u00fcrchten, Fehler zu machen und den Schmerz nur noch weitere Verletzungen hinzuzuf\u00fcgen. Wenn es gelingt, einmal \u00fcber diese Gef\u00fchle zu sprechen, erleichtert und entlastet das beide Seiten.<\/p>\n\n\n\n<p>Am Arbeitsplatz gibt es beides:&nbsp; \u00dcbergehen der Situation und auch anteilnehmenden Umgang mit dem Trauernden. Eine Witwe erz\u00e4hlte, dass ihre Kolleginnen ihren Geburtstag einf\u00fchlsam und phantasievoll gestaltet haben. Jede \u00fcberreichte ihr ein passendes symbolhaftes Geschenk mit einem Wunsch f\u00fcr ihre Zukunft.<\/p>\n\n\n\n<p>Eine gute Begleitung ist deswegen so wichtig, weil sie sich auf das allt\u00e4gliche Leben der Trauernden bezieht.&nbsp; Immer wieder finden sie statt und k\u00f6nnen langsam zur Stabilisierung und neuen Orientierung beitragen.<\/p>\n\n\n\n<p><strong>Trauergruppen und professionelle Einzelbegleitung<\/strong>*<\/p>\n\n\n\n<p>Trauergruppen werden durch eine Fachkraft begleitet. In diesen Gruppen k\u00f6nnen sich die Trauernden gegenseitig mit ihren Kenntnissen, Erfahrungen und F\u00e4higkeiten unterst\u00fctzen. Gruppenarbeit hat oft eine ganz eigene Dynamik und setzt sp\u00e4ter neue Kr\u00e4fte frei. Entsprechende Organisationen, die diese Treffen anbieten, finden sie im Anschluss.<\/p>\n\n\n\n<p>Ebenso sind professionelle Einzelbegleitung durch Trauerbegleiter*innen, Seelsorger, Fachleute aus der Psychologie, Psychotherapie hilfreich.&nbsp;<\/p>\n\n\n\n<p>*Quelle: <a href=\"https:\/\/www.klett-cotta.de\/produkt\/trauern-mit-leib-und-seele-9783608860535-t-3042\" target=\"_blank\" rel=\"noreferrer noopener\">&#8222;Trauern mit Leib und Seele&#8220; von Klaus Onnasch und Ursula Gast<\/a><\/p>\n","protected":false},"excerpt":{"rendered":"<p>Begleitung in der Trauer durch Familie, Freunde, Bekannte, Nachbarn und Kolleg*innen Bei der Begleitung von Trauernden gibt es oft Grenzen, dennoch kann sie der erste Schritt f\u00fcr Entlastung, Halt und Orientierung sein. Was kann ich als Bezugsperson grunds\u00e4tzlich tun: Prozess in der Familie* Angeh\u00f6rige k\u00f6nnen in der Trauer R\u00fcckhalt und Orientierung geben; dann erf\u00fcllen sich [&hellip;]<\/p>\n","protected":false},"author":1,"featured_media":157,"parent":0,"menu_order":3,"comment_status":"closed","ping_status":"closed","template":"","meta":{"footnotes":""},"class_list":["post-39","page","type-page","status-publish","has-post-thumbnail","hentry"],"_links":{"self":[{"href":"https:\/\/trauerzeit.eu\/index.php?rest_route=\/wp\/v2\/pages\/39","targetHints":{"allow":["GET"]}}],"collection":[{"href":"https:\/\/trauerzeit.eu\/index.php?rest_route=\/wp\/v2\/pages"}],"about":[{"href":"https:\/\/trauerzeit.eu\/index.php?rest_route=\/wp\/v2\/types\/page"}],"author":[{"embeddable":true,"href":"https:\/\/trauerzeit.eu\/index.php?rest_route=\/wp\/v2\/users\/1"}],"replies":[{"embeddable":true,"href":"https:\/\/trauerzeit.eu\/index.php?rest_route=%2Fwp%2Fv2%2Fcomments&post=39"}],"version-history":[{"count":6,"href":"https:\/\/trauerzeit.eu\/index.php?rest_route=\/wp\/v2\/pages\/39\/revisions"}],"predecessor-version":[{"id":229,"href":"https:\/\/trauerzeit.eu\/index.php?rest_route=\/wp\/v2\/pages\/39\/revisions\/229"}],"wp:featuredmedia":[{"embeddable":true,"href":"https:\/\/trauerzeit.eu\/index.php?rest_route=\/wp\/v2\/media\/157"}],"wp:attachment":[{"href":"https:\/\/trauerzeit.eu\/index.php?rest_route=%2Fwp%2Fv2%2Fmedia&parent=39"}],"curies":[{"name":"wp","href":"https:\/\/api.w.org\/{rel}","templated":true}]}}